{"id":101,"date":"2024-06-23T22:14:05","date_gmt":"2024-06-23T22:14:05","guid":{"rendered":"https:\/\/mariaboteropmu.com\/?page_id=101"},"modified":"2025-12-15T22:23:41","modified_gmt":"2025-12-16T03:23:41","slug":"know-me","status":"publish","type":"page","link":"https:\/\/mariaboteropmu.com\/es\/know-me\/","title":{"rendered":"Con\u00f3ceme"},"content":{"rendered":"<div data-elementor-type=\"wp-page\" data-elementor-id=\"101\" class=\"elementor elementor-101\" data-elementor-post-type=\"page\">\n\t\t\t\t<div data-particle_enable=\"false\" data-particle-mobile-disabled=\"false\" class=\"elementor-element elementor-element-53f9702 e-con-full e-flex e-con e-parent\" data-id=\"53f9702\" data-element_type=\"container\" data-settings=\"{&quot;background_background&quot;:&quot;gradient&quot;}\">\n\t\t<div data-particle_enable=\"false\" data-particle-mobile-disabled=\"false\" class=\"elementor-element elementor-element-70c3acb e-con-full e-flex e-con e-child\" data-id=\"70c3acb\" data-element_type=\"container\">\n\t\t\t\t<div class=\"elementor-element elementor-element-bcee7f7 elementor-widget elementor-widget-image\" data-id=\"bcee7f7\" data-element_type=\"widget\" data-widget_type=\"image.default\">\n\t\t\t\t<div class=\"elementor-widget-container\">\n\t\t\t\t\t\t\t\t\t\t\t\t\t\t\t<img fetchpriority=\"high\" decoding=\"async\" width=\"1080\" height=\"1080\" src=\"https:\/\/mariaboteropmu.com\/wp-content\/uploads\/2025\/12\/avatar_MariaBotero_v02.webp\" class=\"attachment-full size-full wp-image-1752\" alt=\"\" srcset=\"https:\/\/mariaboteropmu.com\/wp-content\/uploads\/2025\/12\/avatar_MariaBotero_v02.webp 1080w, https:\/\/mariaboteropmu.com\/wp-content\/uploads\/2025\/12\/avatar_MariaBotero_v02-300x300.webp 300w, https:\/\/mariaboteropmu.com\/wp-content\/uploads\/2025\/12\/avatar_MariaBotero_v02-1024x1024.webp 1024w, https:\/\/mariaboteropmu.com\/wp-content\/uploads\/2025\/12\/avatar_MariaBotero_v02-150x150.webp 150w, https:\/\/mariaboteropmu.com\/wp-content\/uploads\/2025\/12\/avatar_MariaBotero_v02-768x768.webp 768w, https:\/\/mariaboteropmu.com\/wp-content\/uploads\/2025\/12\/avatar_MariaBotero_v02-12x12.webp 12w\" sizes=\"(max-width: 1080px) 100vw, 1080px\" \/>\t\t\t\t\t\t\t\t\t\t\t\t\t\t\t<\/div>\n\t\t\t\t<\/div>\n\t\t<div data-particle_enable=\"false\" data-particle-mobile-disabled=\"false\" class=\"elementor-element elementor-element-1c29b59 e-con-full e-flex e-con e-child\" data-id=\"1c29b59\" data-element_type=\"container\">\n\t\t\t\t<div class=\"elementor-element elementor-element-4876928 elementor-widget__width-initial elementor-widget elementor-widget-text-editor\" data-id=\"4876928\" data-element_type=\"widget\" data-widget_type=\"text-editor.default\">\n\t\t\t\t<div class=\"elementor-widget-container\">\n\t\t\t\t\t\t\t\t\t<p>Ojos, Labios y cada uno de los rasgos del rostro, siempre han sido una fascinaci\u00f3n para m\u00ed. Perm\u00edtanme presentarme, soy Mar\u00eda Botero, venezolana viviendo en Virginia. Como apasionada de la belleza, me he comprometido en alcanzar un alto nivel de conocimiento en las m\u00e1s afamadas t\u00e9cnicas del mundo en Pesta\u00f1as, Cejas, Labios y Depilaci\u00f3n.<\/p><p>Experiencia, dedicaci\u00f3n, misticismo y compromiso, son mis mejores valores en cada trabajo. Mi promesa de satisfacci\u00f3n no es s\u00f3lo con el resultado final, es la garant\u00eda de que cada vez que te mires frente al espejo, experimentar\u00e1s la magia, la emoci\u00f3n, la alegr\u00eda de sentirte bella, poderosa, sana y segura de ti misma.<\/p><p>Gracias por elegirme y bienvenidos a su nuevo hogar, el hogar de la belleza natural.<\/p>\t\t\t\t\t\t\t\t<\/div>\n\t\t\t\t<\/div>\n\t\t\t\t<div class=\"elementor-element elementor-element-c6037df elementor-widget elementor-widget-heading\" data-id=\"c6037df\" data-element_type=\"widget\" data-widget_type=\"heading.default\">\n\t\t\t\t<div class=\"elementor-widget-container\">\n\t\t\t\t\t<h3 class=\"elementor-heading-title elementor-size-default\">Mar\u00eda Botero<\/h3>\t\t\t\t<\/div>\n\t\t\t\t<\/div>\n\t\t\t\t<div class=\"elementor-element elementor-element-ed8948f elementor-widget elementor-widget-heading\" data-id=\"ed8948f\" data-element_type=\"widget\" data-widget_type=\"heading.default\">\n\t\t\t\t<div class=\"elementor-widget-container\">\n\t\t\t\t\t<h5 class=\"elementor-heading-title elementor-size-default\"><a href=\"https:\/\/mariaboteropmu.com\/es\">Sigue visitando mi web<\/a><\/h5>\t\t\t\t<\/div>\n\t\t\t\t<\/div>\n\t\t\t\t<\/div>\n\t\t\t\t<\/div>\n\t\t\t\t<\/div>\n\t\t\t\t<\/div>","protected":false},"excerpt":{"rendered":"<p>Eyes, Lips, and every single feature of the face, have always being a fascination for me. Let me introduce myself, I&#8217;m Mar\u00eda Botero, Venezuelan living in Virginia. As passionate of beauty, I&#8217;ve compromised with achieve high-level knowledge in the world-most famous Eyelashes, Brows, Lips, and Removal techniques. Experience, dedication, mystique and commitment, are my best [&hellip;]<\/p>","protected":false},"author":1,"featured_media":0,"parent":0,"menu_order":0,"comment_status":"closed","ping_status":"closed","template":"","meta":{"footnotes":""},"class_list":["post-101","page","type-page","status-publish","hentry"],"yoast_head":"<!-- This site is optimized with the Yoast SEO Premium plugin v25.8 (Yoast SEO v25.8) - https:\/\/yoast.com\/wordpress\/plugins\/seo\/ -->\n<title>Know Me - Maria Botero PMU<\/title>\n<meta name=\"robots\" content=\"index, follow, max-snippet:-1, max-image-preview:large, max-video-preview:-1\" \/>\n<link rel=\"canonical\" href=\"https:\/\/mariaboteropmu.com\/es\/know-me\/\" \/>\n<meta property=\"og:locale\" content=\"es_ES\" \/>\n<meta property=\"og:type\" content=\"article\" \/>\n<meta property=\"og:title\" content=\"Know Me\" \/>\n<meta property=\"og:description\" content=\"Eyes, Lips, and every single feature of the face, have always being a fascination for me. Let me introduce myself, I&#8217;m Mar\u00eda Botero, Venezuelan living in Virginia. As passionate of beauty, I&#8217;ve compromised with achieve high-level knowledge in the world-most famous Eyelashes, Brows, Lips, and Removal techniques. Experience, dedication, mystique and commitment, are my best [&hellip;]\" \/>\n<meta property=\"og:url\" content=\"https:\/\/mariaboteropmu.com\/es\/know-me\/\" \/>\n<meta property=\"og:site_name\" content=\"Maria Botero PMU\" \/>\n<meta property=\"article:modified_time\" content=\"2025-12-16T03:23:41+00:00\" \/>\n<meta property=\"og:image\" content=\"https:\/\/mariaboteropmu.com\/wp-content\/uploads\/2025\/12\/avatar_MariaBotero_v02.webp\" \/>\n\t<meta property=\"og:image:width\" content=\"1080\" \/>\n\t<meta property=\"og:image:height\" content=\"1080\" \/>\n\t<meta property=\"og:image:type\" content=\"image\/webp\" \/>\n<meta name=\"twitter:card\" content=\"summary_large_image\" \/>\n<meta name=\"twitter:label1\" content=\"Tiempo de lectura\" \/>\n\t<meta name=\"twitter:data1\" content=\"1 minuto\" \/>\n<script type=\"application\/ld+json\" class=\"yoast-schema-graph\">{\"@context\":\"https:\/\/schema.org\",\"@graph\":[{\"@type\":\"WebPage\",\"@id\":\"https:\/\/mariaboteropmu.com\/know-me\/\",\"url\":\"https:\/\/mariaboteropmu.com\/know-me\/\",\"name\":\"Know Me - Maria Botero PMU\",\"isPartOf\":{\"@id\":\"https:\/\/mariaboteropmu.com\/#website\"},\"primaryImageOfPage\":{\"@id\":\"https:\/\/mariaboteropmu.com\/know-me\/#primaryimage\"},\"image\":{\"@id\":\"https:\/\/mariaboteropmu.com\/know-me\/#primaryimage\"},\"thumbnailUrl\":\"https:\/\/mariaboteropmu.com\/wp-content\/uploads\/2025\/12\/avatar_MariaBotero_v02.webp\",\"datePublished\":\"2024-06-23T22:14:05+00:00\",\"dateModified\":\"2025-12-16T03:23:41+00:00\",\"breadcrumb\":{\"@id\":\"https:\/\/mariaboteropmu.com\/know-me\/#breadcrumb\"},\"inLanguage\":\"es\",\"potentialAction\":[{\"@type\":\"ReadAction\",\"target\":[\"https:\/\/mariaboteropmu.com\/know-me\/\"]}]},{\"@type\":\"ImageObject\",\"inLanguage\":\"es\",\"@id\":\"https:\/\/mariaboteropmu.com\/know-me\/#primaryimage\",\"url\":\"https:\/\/mariaboteropmu.com\/wp-content\/uploads\/2025\/12\/avatar_MariaBotero_v02.webp\",\"contentUrl\":\"https:\/\/mariaboteropmu.com\/wp-content\/uploads\/2025\/12\/avatar_MariaBotero_v02.webp\"},{\"@type\":\"BreadcrumbList\",\"@id\":\"https:\/\/mariaboteropmu.com\/know-me\/#breadcrumb\",\"itemListElement\":[{\"@type\":\"ListItem\",\"position\":1,\"name\":\"Home\",\"item\":\"https:\/\/mariaboteropmu.com\/\"},{\"@type\":\"ListItem\",\"position\":2,\"name\":\"Know Me\"}]},{\"@type\":\"WebSite\",\"@id\":\"https:\/\/mariaboteropmu.com\/#website\",\"url\":\"https:\/\/mariaboteropmu.com\/\",\"name\":\"Maria Botero PMU\",\"description\":\"Micropigmentaci\u00f3n y extensiones de pesta\u00f1as\",\"potentialAction\":[{\"@type\":\"SearchAction\",\"target\":{\"@type\":\"EntryPoint\",\"urlTemplate\":\"https:\/\/mariaboteropmu.com\/?s={search_term_string}\"},\"query-input\":{\"@type\":\"PropertyValueSpecification\",\"valueRequired\":true,\"valueName\":\"search_term_string\"}}],\"inLanguage\":\"es\"}]}<\/script>\n<!-- \/ Yoast SEO Premium plugin. -->","yoast_head_json":{"title":"Know Me - Maria Botero PMU","robots":{"index":"index","follow":"follow","max-snippet":"max-snippet:-1","max-image-preview":"max-image-preview:large","max-video-preview":"max-video-preview:-1"},"canonical":"https:\/\/mariaboteropmu.com\/es\/know-me\/","og_locale":"es_ES","og_type":"article","og_title":"Know Me","og_description":"Eyes, Lips, and every single feature of the face, have always being a fascination for me. Let me introduce myself, I&#8217;m Mar\u00eda Botero, Venezuelan living in Virginia. As passionate of beauty, I&#8217;ve compromised with achieve high-level knowledge in the world-most famous Eyelashes, Brows, Lips, and Removal techniques. Experience, dedication, mystique and commitment, are my best [&hellip;]","og_url":"https:\/\/mariaboteropmu.com\/es\/know-me\/","og_site_name":"Maria Botero PMU","article_modified_time":"2025-12-16T03:23:41+00:00","og_image":[{"width":1080,"height":1080,"url":"https:\/\/mariaboteropmu.com\/wp-content\/uploads\/2025\/12\/avatar_MariaBotero_v02.webp","type":"image\/webp"}],"twitter_card":"summary_large_image","twitter_misc":{"Tiempo de lectura":"1 minuto"},"schema":{"@context":"https:\/\/schema.org","@graph":[{"@type":"WebPage","@id":"https:\/\/mariaboteropmu.com\/know-me\/","url":"https:\/\/mariaboteropmu.com\/know-me\/","name":"Know Me - Maria Botero PMU","isPartOf":{"@id":"https:\/\/mariaboteropmu.com\/#website"},"primaryImageOfPage":{"@id":"https:\/\/mariaboteropmu.com\/know-me\/#primaryimage"},"image":{"@id":"https:\/\/mariaboteropmu.com\/know-me\/#primaryimage"},"thumbnailUrl":"https:\/\/mariaboteropmu.com\/wp-content\/uploads\/2025\/12\/avatar_MariaBotero_v02.webp","datePublished":"2024-06-23T22:14:05+00:00","dateModified":"2025-12-16T03:23:41+00:00","breadcrumb":{"@id":"https:\/\/mariaboteropmu.com\/know-me\/#breadcrumb"},"inLanguage":"es","potentialAction":[{"@type":"ReadAction","target":["https:\/\/mariaboteropmu.com\/know-me\/"]}]},{"@type":"ImageObject","inLanguage":"es","@id":"https:\/\/mariaboteropmu.com\/know-me\/#primaryimage","url":"https:\/\/mariaboteropmu.com\/wp-content\/uploads\/2025\/12\/avatar_MariaBotero_v02.webp","contentUrl":"https:\/\/mariaboteropmu.com\/wp-content\/uploads\/2025\/12\/avatar_MariaBotero_v02.webp"},{"@type":"BreadcrumbList","@id":"https:\/\/mariaboteropmu.com\/know-me\/#breadcrumb","itemListElement":[{"@type":"ListItem","position":1,"name":"Home","item":"https:\/\/mariaboteropmu.com\/"},{"@type":"ListItem","position":2,"name":"Know Me"}]},{"@type":"WebSite","@id":"https:\/\/mariaboteropmu.com\/#website","url":"https:\/\/mariaboteropmu.com\/","name":"Maria Botero PMU","description":"Micropigmentaci\u00f3n y extensiones de pesta\u00f1as","potentialAction":[{"@type":"SearchAction","target":{"@type":"EntryPoint","urlTemplate":"https:\/\/mariaboteropmu.com\/?s={search_term_string}"},"query-input":{"@type":"PropertyValueSpecification","valueRequired":true,"valueName":"search_term_string"}}],"inLanguage":"es"}]}},"_links":{"self":[{"href":"https:\/\/mariaboteropmu.com\/es\/wp-json\/wp\/v2\/pages\/101","targetHints":{"allow":["GET"]}}],"collection":[{"href":"https:\/\/mariaboteropmu.com\/es\/wp-json\/wp\/v2\/pages"}],"about":[{"href":"https:\/\/mariaboteropmu.com\/es\/wp-json\/wp\/v2\/types\/page"}],"author":[{"embeddable":true,"href":"https:\/\/mariaboteropmu.com\/es\/wp-json\/wp\/v2\/users\/1"}],"replies":[{"embeddable":true,"href":"https:\/\/mariaboteropmu.com\/es\/wp-json\/wp\/v2\/comments?post=101"}],"version-history":[{"count":58,"href":"https:\/\/mariaboteropmu.com\/es\/wp-json\/wp\/v2\/pages\/101\/revisions"}],"predecessor-version":[{"id":1755,"href":"https:\/\/mariaboteropmu.com\/es\/wp-json\/wp\/v2\/pages\/101\/revisions\/1755"}],"wp:attachment":[{"href":"https:\/\/mariaboteropmu.com\/es\/wp-json\/wp\/v2\/media?parent=101"}],"curies":[{"name":"wp","href":"https:\/\/api.w.org\/{rel}","templated":true}]}}